{"id":168,"date":"2017-02-01T11:19:47","date_gmt":"2017-02-01T11:19:47","guid":{"rendered":"https:\/\/industx.themechampion.com\/?page_id=168"},"modified":"2025-09-24T17:39:04","modified_gmt":"2025-09-24T21:39:04","slug":"a-propos","status":"publish","type":"page","link":"https:\/\/intertechnology.com\/fr\/a-propos\/","title":{"rendered":"\u00c1 Propos"},"content":{"rendered":"<div class=\"wpb-content-wrapper\"><p>[vc_row row_type=&#8221;row_full_center_content&#8221; class=&#8221;max_width&#8221; el_class=&#8221;about-tab-box&#8221;][vc_column][vc_column_text css=&#8221;&#8221; el_class=&#8221;single-tab-content&#8221;]Depuis 1968, Intertechnology Inc. est un chef de file en distribution et fournisseur de service en mati\u00e8re de solutions de mesure et rentabilisation des co\u00fbts de test. Notre si\u00e8ge social et centre de distribution est situ\u00e9 \u00e0 Toronto, avec des bureaux \u00e0 Montreal ainsi que de la repr\u00e9sentation \u00e0 travers le Canada.<\/p>\n<p>Nous sommes fiers de fournir les meilleures et les plus r\u00e9centes technologies disponibles. Nous entretenons le soutien technique et les applications d\u2019ing\u00e9nierie pour les produits que nous fournissons. Notre centre d\u2019essai et d\u2019affichage permet \u00e0 nos clients de voir et discuter de la plupart des produits que nous fournissons. Nous offrons un service de mise \u00e0 jour et calibration pour les produits dans notre centre de d\u00e9monstration. Nos clients sont invit\u00e9s \u00e0 en apprendre davantage sur l\u2019analyse des contraintes li\u00e9es \u00e0 l\u2019instrumentation et les transmetteurs.<\/p>\n<p>Nos sp\u00e9cialistes sont disponibles pour aider \u00e0 r\u00e9soudre le stress potentiel et contraintes li\u00e9es \u00e0 des probl\u00e8mes de conception dans les applications critiques, telles que des pi\u00e8ces automobiles et des dispositifs biom\u00e9caniques. En outre, nous fournissons des services de jauges de contraintes s\u2019adaptant aux composantes fournies par le client ou nous pouvons fabriquer un transmetteur con\u00e7u sur mesure pour r\u00e9pondre \u00e0 vos exigences.[\/vc_column_text][vc_btn title=&#8221;Termes et conditions&#8221; style=&#8221;custom&#8221; custom_background=&#8221;#14008E&#8221; custom_text=&#8221;#FFFFFF&#8221; size=&#8221;lg&#8221; align=&#8221;left&#8221; css=&#8221;.vc_custom_1758749939364{margin-top: 40px !important;}&#8221; link=&#8221;url:https%3A%2F%2Fintertechnology.com%2Ffr%2Fwp-content%2Fuploads%2F2025%2F03%2FTERMSandCONDITIONS.pdf|target:_blank&#8221;][\/vc_column][\/vc_row]<\/p>\n<\/div>","protected":false},"excerpt":{"rendered":"<p>[vc_row row_type=&#8221;row_full_center_content&#8221; class=&#8221;max_width&#8221; el_class=&#8221;about-tab-box&#8221;][vc_column][vc_column_text css=&#8221;&#8221; el_class=&#8221;single-tab-content&#8221;]Depuis 1968, Intertechnology Inc. est un chef de file en distribution et fournisseur de service en &#8230;<\/p>\n","protected":false},"author":1,"featured_media":0,"parent":0,"menu_order":0,"comment_status":"closed","ping_status":"closed","template":"","meta":{"footnotes":""},"class_list":["post-168","page","type-page","status-publish","hentry"],"yoast_head":"<!-- This site is optimized with the Yoast SEO plugin v26.2 - https:\/\/yoast.com\/wordpress\/plugins\/seo\/ -->\n<title>\u00c1 Propos - Intertechnology<\/title>\n<meta name=\"robots\" content=\"index, follow, max-snippet:-1, max-image-preview:large, max-video-preview:-1\" \/>\n<link rel=\"canonical\" href=\"https:\/\/intertechnology.com\/fr\/a-propos\/\" \/>\n<meta property=\"og:locale\" content=\"en_US\" \/>\n<meta property=\"og:type\" content=\"article\" \/>\n<meta property=\"og:title\" content=\"\u00c1 Propos - Intertechnology\" \/>\n<meta property=\"og:description\" content=\"[vc_row row_type=&#8221;row_full_center_content&#8221; class=&#8221;max_width&#8221; el_class=&#8221;about-tab-box&#8221;][vc_column][vc_column_text css=&#8221;&#8221; el_class=&#8221;single-tab-content&#8221;]Depuis 1968, Intertechnology Inc. est un chef de file en distribution et fournisseur de service en ...\" \/>\n<meta property=\"og:url\" content=\"https:\/\/intertechnology.com\/fr\/a-propos\/\" \/>\n<meta property=\"og:site_name\" content=\"Intertechnology\" \/>\n<meta property=\"article:modified_time\" content=\"2025-09-24T21:39:04+00:00\" \/>\n<meta name=\"twitter:label1\" content=\"Est. reading time\" \/>\n\t<meta name=\"twitter:data1\" content=\"1 minute\" \/>\n<script type=\"application\/ld+json\" class=\"yoast-schema-graph\">{\"@context\":\"https:\/\/schema.org\",\"@graph\":[{\"@type\":\"WebPage\",\"@id\":\"https:\/\/intertechnology.com\/fr\/a-propos\/\",\"url\":\"https:\/\/intertechnology.com\/fr\/a-propos\/\",\"name\":\"\u00c1 Propos - Intertechnology\",\"isPartOf\":{\"@id\":\"https:\/\/intertechnology.com\/fr\/#website\"},\"datePublished\":\"2017-02-01T11:19:47+00:00\",\"dateModified\":\"2025-09-24T21:39:04+00:00\",\"breadcrumb\":{\"@id\":\"https:\/\/intertechnology.com\/fr\/a-propos\/#breadcrumb\"},\"inLanguage\":\"en-CA\",\"potentialAction\":[{\"@type\":\"ReadAction\",\"target\":[\"https:\/\/intertechnology.com\/fr\/a-propos\/\"]}]},{\"@type\":\"BreadcrumbList\",\"@id\":\"https:\/\/intertechnology.com\/fr\/a-propos\/#breadcrumb\",\"itemListElement\":[{\"@type\":\"ListItem\",\"position\":1,\"name\":\"Home\",\"item\":\"https:\/\/intertechnology.com\/fr\/\"},{\"@type\":\"ListItem\",\"position\":2,\"name\":\"\u00c1 Propos\"}]},{\"@type\":\"WebSite\",\"@id\":\"https:\/\/intertechnology.com\/fr\/#website\",\"url\":\"https:\/\/intertechnology.com\/fr\/\",\"name\":\"Intertechnology\",\"description\":\"\",\"publisher\":{\"@id\":\"https:\/\/intertechnology.com\/fr\/#organization\"},\"potentialAction\":[{\"@type\":\"SearchAction\",\"target\":{\"@type\":\"EntryPoint\",\"urlTemplate\":\"https:\/\/intertechnology.com\/fr\/?s={search_term_string}\"},\"query-input\":{\"@type\":\"PropertyValueSpecification\",\"valueRequired\":true,\"valueName\":\"search_term_string\"}}],\"inLanguage\":\"en-CA\"},{\"@type\":\"Organization\",\"@id\":\"https:\/\/intertechnology.com\/fr\/#organization\",\"name\":\"Intertechnology\",\"url\":\"https:\/\/intertechnology.com\/fr\/\",\"logo\":{\"@type\":\"ImageObject\",\"inLanguage\":\"en-CA\",\"@id\":\"https:\/\/intertechnology.com\/fr\/#\/schema\/logo\/image\/\",\"url\":\"https:\/\/intertechnology.com\/fr\/wp-content\/uploads\/2025\/07\/logo-french.png\",\"contentUrl\":\"https:\/\/intertechnology.com\/fr\/wp-content\/uploads\/2025\/07\/logo-french.png\",\"width\":300,\"height\":47,\"caption\":\"Intertechnology\"},\"image\":{\"@id\":\"https:\/\/intertechnology.com\/fr\/#\/schema\/logo\/image\/\"}}]}<\/script>\n<!-- \/ Yoast SEO plugin. -->","yoast_head_json":{"title":"\u00c1 Propos - Intertechnology","robots":{"index":"index","follow":"follow","max-snippet":"max-snippet:-1","max-image-preview":"max-image-preview:large","max-video-preview":"max-video-preview:-1"},"canonical":"https:\/\/intertechnology.com\/fr\/a-propos\/","og_locale":"en_US","og_type":"article","og_title":"\u00c1 Propos - Intertechnology","og_description":"[vc_row row_type=&#8221;row_full_center_content&#8221; class=&#8221;max_width&#8221; el_class=&#8221;about-tab-box&#8221;][vc_column][vc_column_text css=&#8221;&#8221; el_class=&#8221;single-tab-content&#8221;]Depuis 1968, Intertechnology Inc. est un chef de file en distribution et fournisseur de service en ...","og_url":"https:\/\/intertechnology.com\/fr\/a-propos\/","og_site_name":"Intertechnology","article_modified_time":"2025-09-24T21:39:04+00:00","twitter_misc":{"Est. reading time":"1 minute"},"schema":{"@context":"https:\/\/schema.org","@graph":[{"@type":"WebPage","@id":"https:\/\/intertechnology.com\/fr\/a-propos\/","url":"https:\/\/intertechnology.com\/fr\/a-propos\/","name":"\u00c1 Propos - Intertechnology","isPartOf":{"@id":"https:\/\/intertechnology.com\/fr\/#website"},"datePublished":"2017-02-01T11:19:47+00:00","dateModified":"2025-09-24T21:39:04+00:00","breadcrumb":{"@id":"https:\/\/intertechnology.com\/fr\/a-propos\/#breadcrumb"},"inLanguage":"en-CA","potentialAction":[{"@type":"ReadAction","target":["https:\/\/intertechnology.com\/fr\/a-propos\/"]}]},{"@type":"BreadcrumbList","@id":"https:\/\/intertechnology.com\/fr\/a-propos\/#breadcrumb","itemListElement":[{"@type":"ListItem","position":1,"name":"Home","item":"https:\/\/intertechnology.com\/fr\/"},{"@type":"ListItem","position":2,"name":"\u00c1 Propos"}]},{"@type":"WebSite","@id":"https:\/\/intertechnology.com\/fr\/#website","url":"https:\/\/intertechnology.com\/fr\/","name":"Intertechnology","description":"","publisher":{"@id":"https:\/\/intertechnology.com\/fr\/#organization"},"potentialAction":[{"@type":"SearchAction","target":{"@type":"EntryPoint","urlTemplate":"https:\/\/intertechnology.com\/fr\/?s={search_term_string}"},"query-input":{"@type":"PropertyValueSpecification","valueRequired":true,"valueName":"search_term_string"}}],"inLanguage":"en-CA"},{"@type":"Organization","@id":"https:\/\/intertechnology.com\/fr\/#organization","name":"Intertechnology","url":"https:\/\/intertechnology.com\/fr\/","logo":{"@type":"ImageObject","inLanguage":"en-CA","@id":"https:\/\/intertechnology.com\/fr\/#\/schema\/logo\/image\/","url":"https:\/\/intertechnology.com\/fr\/wp-content\/uploads\/2025\/07\/logo-french.png","contentUrl":"https:\/\/intertechnology.com\/fr\/wp-content\/uploads\/2025\/07\/logo-french.png","width":300,"height":47,"caption":"Intertechnology"},"image":{"@id":"https:\/\/intertechnology.com\/fr\/#\/schema\/logo\/image\/"}}]}},"_links":{"self":[{"href":"https:\/\/intertechnology.com\/fr\/wp-json\/wp\/v2\/pages\/168","targetHints":{"allow":["GET"]}}],"collection":[{"href":"https:\/\/intertechnology.com\/fr\/wp-json\/wp\/v2\/pages"}],"about":[{"href":"https:\/\/intertechnology.com\/fr\/wp-json\/wp\/v2\/types\/page"}],"author":[{"embeddable":true,"href":"https:\/\/intertechnology.com\/fr\/wp-json\/wp\/v2\/users\/1"}],"replies":[{"embeddable":true,"href":"https:\/\/intertechnology.com\/fr\/wp-json\/wp\/v2\/comments?post=168"}],"version-history":[{"count":1,"href":"https:\/\/intertechnology.com\/fr\/wp-json\/wp\/v2\/pages\/168\/revisions"}],"predecessor-version":[{"id":1509,"href":"https:\/\/intertechnology.com\/fr\/wp-json\/wp\/v2\/pages\/168\/revisions\/1509"}],"wp:attachment":[{"href":"https:\/\/intertechnology.com\/fr\/wp-json\/wp\/v2\/media?parent=168"}],"curies":[{"name":"wp","href":"https:\/\/api.w.org\/{rel}","templated":true}]}}